{"id":280901,"date":"2025-12-18T00:42:06","date_gmt":"2025-12-18T03:42:06","guid":{"rendered":"https:\/\/informaticala.udec.cl\/?page_id=280901"},"modified":"2026-01-22T11:03:11","modified_gmt":"2026-01-22T14:03:11","slug":"extension-academica-y-cultural","status":"publish","type":"page","link":"https:\/\/informaticala.udec.cl\/index.php\/extension-academica-y-cultural\/","title":{"rendered":"Extensi\u00f3n acad\u00e9mica y cultural"},"content":{"rendered":"<p>[et_pb_section fb_built=&#8221;1&#8243; fullwidth=&#8221;on&#8221; admin_label=&#8221;Page Header&#8221; _builder_version=&#8221;4.27.4&#8243; background_image=&#8221;https:\/\/informaticala.udec.cl\/wp-content\/uploads\/2025\/11\/fadm.jpg&#8221; parallax=&#8221;on&#8221; animation_direction=&#8221;top&#8221; locked=&#8221;off&#8221; global_colors_info=&#8221;{}&#8221;][et_pb_fullwidth_header title=&#8221;@ET-DC@eyJkeW5hbWljIjp0cnVlLCJjb250ZW50IjoicG9zdF90aXRsZSIsInNldHRpbmdzIjp7ImJlZm9yZSI6IiIsImFmdGVyIjoiIn19@&#8221; scroll_down_icon_size=&#8221;48px&#8221; admin_label=&#8221;Hero Section&#8221; _builder_version=&#8221;4.27.4&#8243; _dynamic_attributes=&#8221;title&#8221; title_font=&#8221;&#8211;et_global_body_font|600|||||||&#8221; title_font_size=&#8221;36px&#8221; title_line_height=&#8221;1.4em&#8221; content_font_size=&#8221;22px&#8221; content_line_height=&#8221;1.8em&#8221; subhead_font=&#8221;||||&#8221; background_color=&#8221;rgba(255, 255, 255, 0)&#8221; use_background_color_gradient=&#8221;on&#8221; background_color_gradient_stops=&#8221;rgba(44,36,158,0.93) 0%|rgba(73,108,220,0.7) 100%&#8221; background_color_gradient_start=&#8221;rgba(58,52,226,0.93)&#8221; background_color_gradient_end=&#8221;rgba(73,108,220,0.7)&#8221; background_size=&#8221;initial&#8221; background_position=&#8221;top_left&#8221; background_repeat=&#8221;repeat&#8221; button_one_text_size=&#8221;16px&#8221; button_one_bg_color=&#8221;#6eba01&#8243; button_one_border_width=&#8221;2px&#8221; button_one_border_color=&#8221;#6eba01&#8243; button_one_border_radius=&#8221;0&#8243; button_one_letter_spacing=&#8221;2&#8243; button_one_font=&#8221;Montserrat|||on|&#8221; button_one_use_icon=&#8221;off&#8221; button_two_text_size=&#8221;16px&#8221; button_two_border_width=&#8221;2px&#8221; button_two_border_color=&#8221;#ffffff&#8221; button_two_border_radius=&#8221;0&#8243; button_two_letter_spacing=&#8221;2&#8243; button_two_font=&#8221;Montserrat|||on|&#8221; button_two_use_icon=&#8221;off&#8221; module_alignment=&#8221;center&#8221; custom_padding=&#8221;0vw||0vw||true|false&#8221; animation_style=&#8221;fade&#8221; button_one_text_color_hover=&#8221;#6eba01&#8243; button_two_text_color_hover=&#8221;#6eba01&#8243; button_one_border_color_hover=&#8221;#ffffff&#8221; button_two_border_color_hover=&#8221;#ffffff&#8221; button_one_border_radius_hover=&#8221;0&#8243; button_two_border_radius_hover=&#8221;0&#8243; button_one_letter_spacing_hover=&#8221;2&#8243; button_two_letter_spacing_hover=&#8221;2&#8243; button_one_bg_color_hover=&#8221;#ffffff&#8221; button_two_bg_color_hover=&#8221;#ffffff&#8221; global_colors_info=&#8221;{}&#8221; button_one_text_size__hover_enabled=&#8221;off&#8221; button_two_text_size__hover_enabled=&#8221;off&#8221; button_one_text_color__hover_enabled=&#8221;on&#8221; button_one_text_color__hover=&#8221;#6eba01&#8243; button_two_text_color__hover_enabled=&#8221;on&#8221; button_two_text_color__hover=&#8221;#6eba01&#8243; button_one_border_width__hover_enabled=&#8221;off&#8221; button_two_border_width__hover_enabled=&#8221;off&#8221; button_one_border_color__hover_enabled=&#8221;on&#8221; button_one_border_color__hover=&#8221;#ffffff&#8221; button_two_border_color__hover_enabled=&#8221;on&#8221; button_two_border_color__hover=&#8221;#ffffff&#8221; button_one_border_radius__hover_enabled=&#8221;on&#8221; button_one_border_radius__hover=&#8221;0&#8243; button_two_border_radius__hover_enabled=&#8221;on&#8221; button_two_border_radius__hover=&#8221;0&#8243; button_one_letter_spacing__hover_enabled=&#8221;on&#8221; button_one_letter_spacing__hover=&#8221;2&#8243; button_two_letter_spacing__hover_enabled=&#8221;on&#8221; button_two_letter_spacing__hover=&#8221;2&#8243; button_one_bg_color__hover_enabled=&#8221;on&#8221; button_one_bg_color__hover=&#8221;#ffffff&#8221; button_two_bg_color__hover_enabled=&#8221;on&#8221; button_two_bg_color__hover=&#8221;#ffffff&#8221;]<\/p>\n<p>&nbsp;<\/p>\n<p>&nbsp;<\/p>\n<p>[\/et_pb_fullwidth_header][\/et_pb_section][et_pb_section fb_built=&#8221;1&#8243; _builder_version=&#8221;4.16&#8243; global_colors_info=&#8221;{}&#8221;][et_pb_row column_structure=&#8221;2_5,3_5&#8243; _builder_version=&#8221;4.27.4&#8243; _module_preset=&#8221;default&#8221; global_colors_info=&#8221;{}&#8221;][et_pb_column type=&#8221;2_5&#8243; _builder_version=&#8221;4.27.4&#8243; _module_preset=&#8221;default&#8221; global_colors_info=&#8221;{}&#8221;][et_pb_image src=&#8221;https:\/\/informaticala.udec.cl\/wp-content\/uploads\/2026\/01\/extension.jpg&#8221; title_text=&#8221;extensi\u00f3n&#8221; _builder_version=&#8221;4.27.5&#8243; _module_preset=&#8221;default&#8221; border_radii=&#8221;on|20px|20px|20px|20px&#8221; global_colors_info=&#8221;{}&#8221;][\/et_pb_image][\/et_pb_column][et_pb_column type=&#8221;3_5&#8243; _builder_version=&#8221;4.27.4&#8243; _module_preset=&#8221;default&#8221; global_colors_info=&#8221;{}&#8221;][et_pb_heading title=&#8221;Extensi\u00f3n acad\u00e9mica y cultural&#8221; _builder_version=&#8221;4.27.5&#8243; _module_preset=&#8221;8f9ef2fe-68bd-4edf-ad9f-df13208ba554&#8243; title_level=&#8221;h3&#8243; title_font=&#8221;&#8211;et_global_heading_font||||||||&#8221; title_font_size=&#8221;38px&#8221; custom_margin=&#8221;||19px|||&#8221; global_colors_info=&#8221;{}&#8221;][\/et_pb_heading][et_pb_text quote_border_color=&#8221;#0047ff&#8221; _builder_version=&#8221;4.27.5&#8243; _module_preset=&#8221;c0223b1b-8f72-46a5-82e9-87fb4f9ec015&#8243; text_font=&#8221;&#8211;et_global_body_font||||||||&#8221; link_text_color=&#8221;#0047ff&#8221; quote_text_color=&#8221;#0047ff&#8221; width=&#8221;99.2%&#8221; global_colors_info=&#8221;{}&#8221;]<\/p>\n<p><span><strong>La Unidad de Extensi\u00f3n del Campus Los \u00c1ngeles<\/strong>, <\/span><span>dependiente de Vicerrector\u00eda es el organismo universitario encargado de proponer y aplicar las pol\u00edticas, planes y programas relacionados con la extensi\u00f3n acad\u00e9mica y la difusi\u00f3n cultural, y de organizar, coordinar y apoyar las labores de extensi\u00f3n de la Universidad de Concepci\u00f3n.<\/span><\/p>\n<ul><\/ul>\n<p>[\/et_pb_text][\/et_pb_column][\/et_pb_row][et_pb_row _builder_version=&#8221;4.27.4&#8243; _module_preset=&#8221;default&#8221; global_colors_info=&#8221;{}&#8221;][et_pb_column type=&#8221;4_4&#8243; _builder_version=&#8221;4.27.4&#8243; _module_preset=&#8221;default&#8221; global_colors_info=&#8221;{}&#8221;][et_pb_toggle title=&#8221;Misi\u00f3n&#8221; icon_color=&#8221;#E09900&#8243; toggle_icon=&#8221;&#x4c;||divi||400&#8243; use_icon_font_size=&#8221;on&#8221; icon_font_size=&#8221;22px&#8221; open_use_icon_font_size=&#8221;on&#8221; open_icon_font_size=&#8221;22px&#8221; _builder_version=&#8221;4.27.5&#8243; _module_preset=&#8221;default&#8221; title_text_color=&#8221;#0C71C3&#8243; title_level=&#8221;h3&#8243; title_font=&#8221;|600|||||||&#8221; body_font_size=&#8221;16px&#8221; custom_margin=&#8221;-6px||8px||false|false&#8221; animation_style=&#8221;bounce&#8221; title_font_size_tablet=&#8221;&#8221; title_font_size_phone=&#8221;14px&#8221; title_font_size_last_edited=&#8221;on|phone&#8221; border_radii=&#8221;on|20px|20px|20px|20px&#8221; global_colors_info=&#8221;{}&#8221;]<\/p>\n<p><span>Proponer y aplicar pol\u00edticas y programas de difusi\u00f3n hacia la sociedad del patrimonio art\u00edstico-visual de la UdeC y de los bienes culturales que han sido generados en ella a trav\u00e9s del cultivo de las ciencias, las humanidades y las artes; Promover en la UdeC y su entorno la reflexi\u00f3n y apreciaci\u00f3n cr\u00edticas del saber y de las artes en sus m\u00faltiples manifestaciones; Apoyar a las distintas reparticiones en la difusi\u00f3n de los resultados de la investigaci\u00f3n y creaci\u00f3n; fomentar el entrecruce de la ciencia, las humanidades, las artes y la tecnolog\u00eda; y contribuir con todo lo anterior a la formaci\u00f3n integral de pre y postgrado.<\/span><\/p>\n<p>[\/et_pb_toggle][et_pb_toggle title=&#8221;Visi\u00f3n&#8221; icon_color=&#8221;#E09900&#8243; toggle_icon=&#8221;&#x4c;||divi||400&#8243; use_icon_font_size=&#8221;on&#8221; icon_font_size=&#8221;22px&#8221; open_use_icon_font_size=&#8221;on&#8221; open_icon_font_size=&#8221;22px&#8221; _builder_version=&#8221;4.27.5&#8243; _module_preset=&#8221;default&#8221; title_text_color=&#8221;#0C71C3&#8243; title_level=&#8221;h3&#8243; title_font=&#8221;|600|||||||&#8221; body_font_size=&#8221;16px&#8221; custom_margin=&#8221;||14px||false|false&#8221; animation_style=&#8221;bounce&#8221; title_font_size_tablet=&#8221;&#8221; title_font_size_phone=&#8221;14px&#8221; title_font_size_last_edited=&#8221;on|phone&#8221; border_radii=&#8221;on|20px|20px|20px|20px&#8221; global_colors_info=&#8221;{}&#8221;]<\/p>\n<p><span>Direcci\u00f3n con reconocimiento regional y nacional por su aporte significativo en difundir todas las \u00e1reas de conocimiento universitario volcado a la comunidad. Un polo de desarrollo en todas las expresiones del arte y la divulgaci\u00f3n cient\u00edfica concebidas como pensamiento cr\u00edtico, con capacidad de anticipaci\u00f3n y adaptaci\u00f3n a los cambios del entorno, comprometida con el desarrollo de la Regi\u00f3n y el Pa\u00eds.<\/span><\/p>\n<p>[\/et_pb_toggle][et_pb_toggle title=&#8221;Funciones&#8221; icon_color=&#8221;#E09900&#8243; toggle_icon=&#8221;&#x4c;||divi||400&#8243; use_icon_font_size=&#8221;on&#8221; icon_font_size=&#8221;22px&#8221; open_use_icon_font_size=&#8221;on&#8221; open_icon_font_size=&#8221;22px&#8221; _builder_version=&#8221;4.27.5&#8243; _module_preset=&#8221;default&#8221; title_text_color=&#8221;#0C71C3&#8243; title_level=&#8221;h3&#8243; title_font=&#8221;|600|||||||&#8221; body_font_size=&#8221;16px&#8221; custom_margin=&#8221;-6px||14px||false|false&#8221; animation_style=&#8221;bounce&#8221; hover_enabled=&#8221;0&#8243; title_font_size_tablet=&#8221;&#8221; title_font_size_phone=&#8221;14px&#8221; title_font_size_last_edited=&#8221;on|phone&#8221; border_radii=&#8221;on|20px|20px|20px|20px&#8221; global_colors_info=&#8221;{}&#8221; sticky_enabled=&#8221;0&#8243;]<\/p>\n<ul><\/ul>\n<ul class=\"wp-block-list\">\n<li>Administrar y coordinar acciones espec\u00edficas de Extensi\u00f3n.<\/li>\n<\/ul>\n<ul class=\"wp-block-list\">\n<li>Coordinar con las Escuelas, la divulgaci\u00f3n de conocimientos cient\u00edficos, investigaciones y la presentaci\u00f3n de novedades art\u00edsticas, literarias y culturales en general.<\/li>\n<\/ul>\n<ul class=\"wp-block-list\">\n<li>Promover e incentivar las actividades de Extensi\u00f3n del Campus Los \u00c1ngeles.<\/li>\n<\/ul>\n<ul class=\"wp-block-list\"><\/ul>\n<ul class=\"wp-block-list\"><\/ul>\n<p>[\/et_pb_toggle][\/et_pb_column][\/et_pb_row][et_pb_row _builder_version=&#8221;4.27.5&#8243; _module_preset=&#8221;default&#8221; global_colors_info=&#8221;{}&#8221;][et_pb_column type=&#8221;4_4&#8243; _builder_version=&#8221;4.27.5&#8243; _module_preset=&#8221;default&#8221; global_colors_info=&#8221;{}&#8221;][et_pb_button button_url=&#8221;https:\/\/extension.udec.cl&#8221; url_new_window=&#8221;on&#8221; button_text=&#8221;Visita la Direcci\u00f3n de Extensi\u00f3n&#8221; button_alignment=&#8221;center&#8221; _builder_version=&#8221;4.27.5&#8243; _module_preset=&#8221;default&#8221; button_border_radius=&#8221;24px&#8221; global_colors_info=&#8221;{}&#8221;][\/et_pb_button][\/et_pb_column][\/et_pb_row][et_pb_row column_structure=&#8221;1_4,1_4,1_4,1_4&#8243; _builder_version=&#8221;4.27.4&#8243; _module_preset=&#8221;default&#8221; background_color=&#8221;rgba(199,213,237,0.55)&#8221; border_radii=&#8221;on|20px|20px|20px|20px&#8221; locked=&#8221;off&#8221; global_colors_info=&#8221;{}&#8221;][et_pb_column type=&#8221;1_4&#8243; _builder_version=&#8221;4.25.2&#8243; _module_preset=&#8221;default&#8221; global_colors_info=&#8221;{}&#8221;][et_pb_blurb title=&#8221;Vis\u00edtanos&#8221; use_icon=&#8221;on&#8221; font_icon=&#8221;&#xf3c5;||fa||900&#8243; icon_color=&#8221;#E09900&#8243; _builder_version=&#8221;4.27.5&#8243; _module_preset=&#8221;336f118a-5127-42e4-a3d9-e2cedd5a32b3&#8243; header_font=&#8221;Poppins||||||||&#8221; header_text_color=&#8221;#002e5a&#8221; body_font=&#8221;&#8211;et_global_body_font||||||||&#8221; body_text_color=&#8221;#002e5a&#8221; hover_enabled=&#8221;0&#8243; global_colors_info=&#8221;{%22gcid-d7cd5a78-aaef-4f36-82a3-4d3706015cba%22:%91%22link_text_color%22,%22link_text_color%22,%22link_text_color%22%93,%22gcid-1f1b4e15-7cc6-4e13-8154-74d77a956460%22:%91%22link_text_color%22,%22quote_text_color%22,%22quote_border_color%22,%22link_text_color%22,%22quote_text_color%22,%22quote_border_color%22%93}&#8221; sticky_enabled=&#8221;0&#8243;]<\/p>\n<p><span>Juan Antonio Coloma #0201<\/span><\/p>\n<p><span>Los \u00c1ngeles \/ Chile<\/span><\/p>\n<p>[\/et_pb_blurb][\/et_pb_column][et_pb_column type=&#8221;1_4&#8243; _builder_version=&#8221;4.25.2&#8243; _module_preset=&#8221;default&#8221; global_colors_info=&#8221;{}&#8221;][et_pb_blurb title=&#8221;Fono&#8221; use_icon=&#8221;on&#8221; font_icon=&#8221;&#xe090;||divi||400&#8243; icon_color=&#8221;#002e5a&#8221; _builder_version=&#8221;4.27.5&#8243; _module_preset=&#8221;336f118a-5127-42e4-a3d9-e2cedd5a32b3&#8243; header_font=&#8221;&#8211;et_global_body_font||||||||&#8221; header_text_color=&#8221;#002e5a&#8221; body_text_color=&#8221;#002e5a&#8221; locked=&#8221;off&#8221; global_colors_info=&#8221;{%22gcid-d7cd5a78-aaef-4f36-82a3-4d3706015cba%22:%91%22link_text_color%22,%22link_text_color%22,%22link_text_color%22%93,%22gcid-1f1b4e15-7cc6-4e13-8154-74d77a956460%22:%91%22link_text_color%22,%22quote_text_color%22,%22quote_border_color%22,%22link_text_color%22,%22quote_text_color%22,%22quote_border_color%22%93}&#8221;]<\/p>\n<p><span>+56 432 405225<\/span><\/p>\n<p>[\/et_pb_blurb][\/et_pb_column][et_pb_column type=&#8221;1_4&#8243; _builder_version=&#8221;4.25.2&#8243; _module_preset=&#8221;default&#8221; global_colors_info=&#8221;{}&#8221;][et_pb_blurb title=&#8221;Email&#8221; use_icon=&#8221;on&#8221; font_icon=&#8221;&#xe076;||divi||400&#8243; icon_color=&#8221;gcid-4c79ba3d-a281-4fb6-9b14-02f9a4c793f2&#8243; _builder_version=&#8221;4.27.5&#8243; _module_preset=&#8221;336f118a-5127-42e4-a3d9-e2cedd5a32b3&#8243; header_text_color=&#8221;#002e5a&#8221; body_font=&#8221;&#8211;et_global_body_font||||||||&#8221; body_text_color=&#8221;#002e5a&#8221; body_link_font=&#8221;&#8211;et_global_body_font||||||||&#8221; body_link_text_color=&#8221;#002e5a&#8221; locked=&#8221;off&#8221; global_colors_info=&#8221;{%22gcid-d7cd5a78-aaef-4f36-82a3-4d3706015cba%22:%91%22link_text_color%22,%22link_text_color%22,%22link_text_color%22%93,%22gcid-1f1b4e15-7cc6-4e13-8154-74d77a956460%22:%91%22link_text_color%22,%22quote_text_color%22,%22quote_border_color%22,%22link_text_color%22,%22quote_text_color%22,%22quote_border_color%22%93,%22gcid-4c79ba3d-a281-4fb6-9b14-02f9a4c793f2%22:%91%22icon_color%22%93}&#8221;]<\/p>\n<p><a href=\"mailto:extensionla@udec.cl\" target=\"_blank\" rel=\"noopener\"><span>extensionla@udec.cl<\/span><\/a><\/p>\n<p>[\/et_pb_blurb][\/et_pb_column][et_pb_column type=&#8221;1_4&#8243; _builder_version=&#8221;4.25.2&#8243; _module_preset=&#8221;default&#8221; global_colors_info=&#8221;{}&#8221;][et_pb_blurb title=&#8221;Horario&#8221; use_icon=&#8221;on&#8221; font_icon=&#8221;&#x7d;||divi||400&#8243; icon_color=&#8221;gcid-4c79ba3d-a281-4fb6-9b14-02f9a4c793f2&#8243; _builder_version=&#8221;4.27.5&#8243; _module_preset=&#8221;336f118a-5127-42e4-a3d9-e2cedd5a32b3&#8243; header_text_color=&#8221;#002e5a&#8221; body_font=&#8221;&#8211;et_global_body_font||||||||&#8221; body_text_color=&#8221;#002e5a&#8221; body_link_font=&#8221;&#8211;et_global_body_font||||||||&#8221; body_link_text_color=&#8221;#002e5a&#8221; locked=&#8221;off&#8221; global_colors_info=&#8221;{%22gcid-d7cd5a78-aaef-4f36-82a3-4d3706015cba%22:%91%22link_text_color%22,%22link_text_color%22,%22link_text_color%22%93,%22gcid-1f1b4e15-7cc6-4e13-8154-74d77a956460%22:%91%22link_text_color%22,%22quote_text_color%22,%22quote_border_color%22,%22link_text_color%22,%22quote_text_color%22,%22quote_border_color%22%93,%22gcid-4c79ba3d-a281-4fb6-9b14-02f9a4c793f2%22:%91%22icon_color%22%93}&#8221;]<\/p>\n<p>Lunes a Viernes<br \/>8:30 a 17:30.<\/p>\n<p>[\/et_pb_blurb][\/et_pb_column][\/et_pb_row][\/et_pb_section][et_pb_section fb_built=&#8221;1&#8243; _builder_version=&#8221;4.27.5&#8243; _module_preset=&#8221;f66a0dc0-0499-4e50-90c7-88d4028cdccb&#8221; background_image=&#8221;https:\/\/informaticala.udec.cl\/wp-content\/uploads\/2026\/01\/pinacoteca.jpg&#8221; parallax=&#8221;on&#8221; height=&#8221;300px&#8221; custom_margin=&#8221;0px|0px|0px|0px|false|false&#8221; hover_enabled=&#8221;0&#8243; locked=&#8221;off&#8221; global_colors_info=&#8221;{}&#8221; title_text=&#8221;pinacoteca&#8221; sticky_enabled=&#8221;0&#8243;][\/et_pb_section]<\/p>\n","protected":false},"excerpt":{"rendered":"<p>&nbsp; &nbsp;La Unidad de Extensi\u00f3n del Campus Los \u00c1ngeles, dependiente de Vicerrector\u00eda es el organismo universitario encargado de proponer y aplicar las pol\u00edticas, planes y programas relacionados con la extensi\u00f3n [&hellip;]<\/p>\n","protected":false},"author":1,"featured_media":0,"parent":0,"menu_order":0,"comment_status":"closed","ping_status":"closed","template":"","meta":{"_et_pb_use_builder":"on","_et_pb_old_content":"","_et_gb_content_width":"","footnotes":""},"class_list":["post-280901","page","type-page","status-publish","hentry"],"_links":{"self":[{"href":"https:\/\/informaticala.udec.cl\/index.php\/wp-json\/wp\/v2\/pages\/280901","targetHints":{"allow":["GET"]}}],"collection":[{"href":"https:\/\/informaticala.udec.cl\/index.php\/wp-json\/wp\/v2\/pages"}],"about":[{"href":"https:\/\/informaticala.udec.cl\/index.php\/wp-json\/wp\/v2\/types\/page"}],"author":[{"embeddable":true,"href":"https:\/\/informaticala.udec.cl\/index.php\/wp-json\/wp\/v2\/users\/1"}],"replies":[{"embeddable":true,"href":"https:\/\/informaticala.udec.cl\/index.php\/wp-json\/wp\/v2\/comments?post=280901"}],"version-history":[{"count":8,"href":"https:\/\/informaticala.udec.cl\/index.php\/wp-json\/wp\/v2\/pages\/280901\/revisions"}],"predecessor-version":[{"id":281412,"href":"https:\/\/informaticala.udec.cl\/index.php\/wp-json\/wp\/v2\/pages\/280901\/revisions\/281412"}],"wp:attachment":[{"href":"https:\/\/informaticala.udec.cl\/index.php\/wp-json\/wp\/v2\/media?parent=280901"}],"curies":[{"name":"wp","href":"https:\/\/api.w.org\/{rel}","templated":true}]}}