{"id":281082,"date":"2026-01-08T13:29:21","date_gmt":"2026-01-08T16:29:21","guid":{"rendered":"https:\/\/informaticala.udec.cl\/?page_id=281082"},"modified":"2026-04-06T10:59:55","modified_gmt":"2026-04-06T13:59:55","slug":"normas-graficas","status":"publish","type":"page","link":"https:\/\/informaticala.udec.cl\/index.php\/normas-graficas\/","title":{"rendered":"Normas gr\u00e1ficas"},"content":{"rendered":"<p>[et_pb_section fb_built=&#8221;1&#8243; fullwidth=&#8221;on&#8221; admin_label=&#8221;Page Header&#8221; _builder_version=&#8221;4.27.5&#8243; background_image=&#8221;https:\/\/informaticala.udec.cl\/wp-content\/uploads\/2026\/03\/normas-grafi-as.jpg&#8221; parallax=&#8221;on&#8221; animation_direction=&#8221;top&#8221; locked=&#8221;off&#8221; global_colors_info=&#8221;{}&#8221;][et_pb_fullwidth_header title=&#8221;Normas Gr\u00e1ficas &#8221; scroll_down_icon_size=&#8221;48px&#8221; admin_label=&#8221;Hero Section&#8221; _builder_version=&#8221;4.27.5&#8243; title_font=&#8221;&#8211;et_global_body_font|600|||||||&#8221; title_font_size=&#8221;36px&#8221; title_line_height=&#8221;1.4em&#8221; content_font_size=&#8221;22px&#8221; content_line_height=&#8221;1.8em&#8221; subhead_font=&#8221;||||&#8221; background_color=&#8221;rgba(255, 255, 255, 0)&#8221; use_background_color_gradient=&#8221;on&#8221; background_color_gradient_stops=&#8221;rgba(44,36,158,0.93) 0%|rgba(73,108,220,0.7) 100%&#8221; background_color_gradient_start=&#8221;rgba(58,52,226,0.93)&#8221; background_color_gradient_end=&#8221;rgba(73,108,220,0.7)&#8221; background_size=&#8221;initial&#8221; background_position=&#8221;top_left&#8221; background_repeat=&#8221;repeat&#8221; button_one_text_size=&#8221;16px&#8221; button_one_bg_color=&#8221;#6eba01&#8243; button_one_border_width=&#8221;2px&#8221; button_one_border_color=&#8221;#6eba01&#8243; button_one_border_radius=&#8221;0&#8243; button_one_letter_spacing=&#8221;2&#8243; button_one_font=&#8221;Montserrat|||on|&#8221; button_one_use_icon=&#8221;off&#8221; button_two_text_size=&#8221;16px&#8221; button_two_border_width=&#8221;2px&#8221; button_two_border_color=&#8221;#ffffff&#8221; button_two_border_radius=&#8221;0&#8243; button_two_letter_spacing=&#8221;2&#8243; button_two_font=&#8221;Montserrat|||on|&#8221; button_two_use_icon=&#8221;off&#8221; module_alignment=&#8221;center&#8221; custom_padding=&#8221;0vw||0vw||true|false&#8221; animation_style=&#8221;fade&#8221; button_one_text_color_hover=&#8221;#6eba01&#8243; button_two_text_color_hover=&#8221;#6eba01&#8243; button_one_border_color_hover=&#8221;#ffffff&#8221; button_two_border_color_hover=&#8221;#ffffff&#8221; button_one_border_radius_hover=&#8221;0&#8243; button_two_border_radius_hover=&#8221;0&#8243; button_one_letter_spacing_hover=&#8221;2&#8243; button_two_letter_spacing_hover=&#8221;2&#8243; button_one_bg_color_hover=&#8221;#ffffff&#8221; button_two_bg_color_hover=&#8221;#ffffff&#8221; global_colors_info=&#8221;{}&#8221; button_one_text_size__hover_enabled=&#8221;off&#8221; button_two_text_size__hover_enabled=&#8221;off&#8221; button_one_text_color__hover_enabled=&#8221;on&#8221; button_one_text_color__hover=&#8221;#6eba01&#8243; button_two_text_color__hover_enabled=&#8221;on&#8221; button_two_text_color__hover=&#8221;#6eba01&#8243; button_one_border_width__hover_enabled=&#8221;off&#8221; button_two_border_width__hover_enabled=&#8221;off&#8221; button_one_border_color__hover_enabled=&#8221;on&#8221; button_one_border_color__hover=&#8221;#ffffff&#8221; button_two_border_color__hover_enabled=&#8221;on&#8221; button_two_border_color__hover=&#8221;#ffffff&#8221; button_one_border_radius__hover_enabled=&#8221;on&#8221; button_one_border_radius__hover=&#8221;0&#8243; button_two_border_radius__hover_enabled=&#8221;on&#8221; button_two_border_radius__hover=&#8221;0&#8243; button_one_letter_spacing__hover_enabled=&#8221;on&#8221; button_one_letter_spacing__hover=&#8221;2&#8243; button_two_letter_spacing__hover_enabled=&#8221;on&#8221; button_two_letter_spacing__hover=&#8221;2&#8243; button_one_bg_color__hover_enabled=&#8221;on&#8221; button_one_bg_color__hover=&#8221;#ffffff&#8221; button_two_bg_color__hover_enabled=&#8221;on&#8221; button_two_bg_color__hover=&#8221;#ffffff&#8221;]<\/p>\n<p>&nbsp;<\/p>\n<p>&nbsp;<\/p>\n<p>[\/et_pb_fullwidth_header][\/et_pb_section][et_pb_section fb_built=&#8221;1&#8243; _builder_version=&#8221;4.16&#8243; global_colors_info=&#8221;{}&#8221;][et_pb_row column_structure=&#8221;2_5,3_5&#8243; _builder_version=&#8221;4.27.4&#8243; _module_preset=&#8221;default&#8221; custom_margin=&#8221;-22px|auto||auto||&#8221; global_colors_info=&#8221;{}&#8221;][et_pb_column type=&#8221;2_5&#8243; _builder_version=&#8221;4.27.4&#8243; _module_preset=&#8221;default&#8221; global_colors_info=&#8221;{}&#8221;][et_pb_image src=&#8221;https:\/\/informaticala.udec.cl\/wp-content\/uploads\/2026\/03\/4cec6939-8b8c-4586-a43d-d5e7021fc9ea.png&#8221; alt=&#8221;DG&#8221; title_text=&#8221;4cec6939-8b8c-4586-a43d-d5e7021fc9ea&#8221; _builder_version=&#8221;4.27.5&#8243; _module_preset=&#8221;default&#8221; border_radii=&#8221;on|20px|20px|20px|20px&#8221; global_colors_info=&#8221;{}&#8221;][\/et_pb_image][\/et_pb_column][et_pb_column type=&#8221;3_5&#8243; _builder_version=&#8221;4.27.4&#8243; _module_preset=&#8221;default&#8221; global_colors_info=&#8221;{}&#8221;][et_pb_heading title=&#8221;Normas Gr\u00e1ficas del Campus Los \u00c1ngeles &#8221; _builder_version=&#8221;4.27.5&#8243; _module_preset=&#8221;8f9ef2fe-68bd-4edf-ad9f-df13208ba554&#8243; title_level=&#8221;h3&#8243; title_font=&#8221;&#8211;et_global_heading_font||||||||&#8221; title_font_size=&#8221;26px&#8221; global_colors_info=&#8221;{}&#8221;][\/et_pb_heading][et_pb_text quote_border_color=&#8221;#0047ff&#8221; _builder_version=&#8221;4.27.5&#8243; _module_preset=&#8221;c0223b1b-8f72-46a5-82e9-87fb4f9ec015&#8243; text_font=&#8221;&#8211;et_global_body_font||||||||&#8221; link_text_color=&#8221;#0047ff&#8221; quote_text_color=&#8221;#0047ff&#8221; width=&#8221;99.2%&#8221; custom_padding=&#8221;||0px|||&#8221; global_colors_info=&#8221;{}&#8221;]<\/p>\n<p data-start=\"323\" data-end=\"393\">Las normas gr\u00e1ficas establecen los lineamientos oficiales para el uso correcto de la identidad visual institucional en todos sus soportes f\u00edsicos y digitales.Este documento define criterios t\u00e9cnicos y de dise\u00f1o relacionados con:<\/p>\n<ul data-start=\"395\" data-end=\"656\">\n<li data-start=\"395\" data-end=\"439\">\n<p data-start=\"397\" data-end=\"439\">Uso y aplicaci\u00f3n del nombre institucional.<\/p>\n<\/li>\n<li data-start=\"440\" data-end=\"467\">\n<p data-start=\"442\" data-end=\"467\">Paleta crom\u00e1tica oficial.<\/p>\n<\/li>\n<li data-start=\"468\" data-end=\"495\">\n<p data-start=\"470\" data-end=\"495\">Tipograf\u00edas corporativas.<\/p>\n<\/li>\n<li data-start=\"496\" data-end=\"542\">\n<p data-start=\"498\" data-end=\"542\">Proporciones, m\u00e1rgenes y zonas de resguardo.<\/p>\n<\/li>\n<li data-start=\"543\" data-end=\"597\">\n<p data-start=\"545\" data-end=\"597\">Versiones permitidas en distintos formatos y fondos.<\/p>\n<\/li>\n<li data-start=\"598\" data-end=\"656\">\n<p data-start=\"600\" data-end=\"656\">Aplicaciones en piezas digitales, impresas y se\u00f1al\u00e9tica.<\/p>\n<\/li>\n<\/ul>\n<p data-start=\"658\" data-end=\"821\">El objetivo es garantizar coherencia visual, reconocimiento institucional y correcta representaci\u00f3n de la imagen del Campus en cada comunicaci\u00f3n interna y externa.<\/p>\n<p data-start=\"823\" data-end=\"972\">El cumplimiento de estas normas fortalece la identidad institucional, proyecta profesionalismo y asegura consistencia en todos los canales oficiales.<\/p>\n<p>[\/et_pb_text][\/et_pb_column][\/et_pb_row][et_pb_row _builder_version=&#8221;4.27.4&#8243; _module_preset=&#8221;default&#8221; global_colors_info=&#8221;{}&#8221;][et_pb_column type=&#8221;4_4&#8243; _builder_version=&#8221;4.27.4&#8243; _module_preset=&#8221;default&#8221; global_colors_info=&#8221;{}&#8221;][et_pb_toggle title=&#8221;Lineamientos Comunicacionales&#8221; icon_color=&#8221;#E09900&#8243; use_icon_font_size=&#8221;on&#8221; icon_font_size=&#8221;22px&#8221; open_use_icon_font_size=&#8221;on&#8221; open_icon_font_size=&#8221;22px&#8221; _builder_version=&#8221;4.27.5&#8243; _module_preset=&#8221;default&#8221; title_text_color=&#8221;#0C71C3&#8243; title_level=&#8221;h4&#8243; title_font=&#8221;|600|||||||&#8221; title_font_size=&#8221;18px&#8221; body_font_size=&#8221;16px&#8221; custom_margin=&#8221;||14px|||&#8221; animation_style=&#8221;bounce&#8221; title_text_align_tablet=&#8221;&#8221; title_text_align_phone=&#8221;&#8221; title_text_align_last_edited=&#8221;on|phone&#8221; border_radii=&#8221;on|20px|20px|20px|20px&#8221; global_colors_info=&#8221;{}&#8221;]<\/p>\n<p style=\"text-align: center;\"><a href=\"https:\/\/informaticala.udec.cl\/wp-content\/uploads\/2026\/03\/Lineamientos-comunicacionales_LA.pdf\" rel=\"attachment wp-att-281881\">Lineamientos-comunicacionales_LA &#8211; Descargar pdf<\/a><\/p>\n<p style=\"text-align: center;\">[\/et_pb_toggle][et_pb_toggle title=&#8221;Manual para la Comunicaci\u00f3n Inclusiva y con Perspectiva de G\u00e9nero&#8221; icon_color=&#8221;#E09900&#8243; use_icon_font_size=&#8221;on&#8221; icon_font_size=&#8221;22px&#8221; open_use_icon_font_size=&#8221;on&#8221; open_icon_font_size=&#8221;22px&#8221; _builder_version=&#8221;4.27.5&#8243; _module_preset=&#8221;default&#8221; title_text_color=&#8221;#0C71C3&#8243; title_level=&#8221;h4&#8243; title_font=&#8221;|600|||||||&#8221; title_font_size=&#8221;18px&#8221; body_font_size=&#8221;16px&#8221; custom_margin=&#8221;||14px|||&#8221; animation_style=&#8221;bounce&#8221; title_text_align_tablet=&#8221;&#8221; title_text_align_phone=&#8221;&#8221; title_text_align_last_edited=&#8221;on|phone&#8221; border_radii=&#8221;on|20px|20px|20px|20px&#8221; global_colors_info=&#8221;{}&#8221;]<\/p>\n<p style=\"text-align: center;\"><a href=\"https:\/\/informaticala.udec.cl\/wp-content\/uploads\/2026\/03\/Manual-para-la-Comunicacion-Inclusiva-y-con-Perspectiva-de-Genero-Universidad-de-Concepcion.pdf\" rel=\"attachment wp-att-281882\">Manual-para-la-Comunicacion-Inclusiva-y-con-Perspectiva-de-Genero-Universidad-de-Concepcion &#8211; Descargar pdf<\/a><\/p>\n<p style=\"text-align: center;\">[\/et_pb_toggle][et_pb_toggle title=&#8221;Protocolo Solicitud de Patrocinio Institucional &#8211; Universidad de Concepci\u00f3n, Campus Los \u00c1ngeles&#8221; icon_color=&#8221;#E09900&#8243; use_icon_font_size=&#8221;on&#8221; icon_font_size=&#8221;22px&#8221; open_use_icon_font_size=&#8221;on&#8221; open_icon_font_size=&#8221;22px&#8221; _builder_version=&#8221;4.27.5&#8243; _module_preset=&#8221;default&#8221; title_text_color=&#8221;#0C71C3&#8243; title_level=&#8221;h4&#8243; title_font=&#8221;|600|||||||&#8221; title_font_size=&#8221;18px&#8221; body_font_size=&#8221;16px&#8221; custom_margin=&#8221;||14px|||&#8221; animation_style=&#8221;bounce&#8221; title_text_align_tablet=&#8221;&#8221; title_text_align_phone=&#8221;&#8221; title_text_align_last_edited=&#8221;on|phone&#8221; border_radii=&#8221;on|20px|20px|20px|20px&#8221; global_colors_info=&#8221;{}&#8221;]<\/p>\n<p style=\"text-align: center;\"><a href=\"https:\/\/informaticala.udec.cl\/wp-content\/uploads\/2026\/03\/Manual-para-la-Comunicacion-Inclusiva-y-con-Perspectiva-de-Genero-Universidad-de-Concepcion.pdf\" rel=\"attachment wp-att-281882\"><\/a><a href=\"https:\/\/informaticala.udec.cl\/wp-content\/uploads\/2026\/03\/Protocolo-Patrocinio-institucional-proyectos-externo-UdeC-LA.pdf\" rel=\"attachment wp-att-281883\">Protocolo Patrocinio institucional proyectos externo &#8211; UdeC LA &#8211; Descargar pdf<\/a>\u00a0<a href=\"https:\/\/informaticala.udec.cl\/wp-content\/uploads\/2026\/03\/Manual-para-la-Comunicacion-Inclusiva-y-con-Perspectiva-de-Genero-Universidad-de-Concepcion.pdf\" rel=\"attachment wp-att-281882\"><\/a><\/p>\n<p style=\"text-align: center;\">[\/et_pb_toggle][\/et_pb_column][\/et_pb_row][et_pb_row _builder_version=&#8221;4.27.5&#8243; _module_preset=&#8221;default&#8221; global_colors_info=&#8221;{}&#8221;][et_pb_column type=&#8221;4_4&#8243; _builder_version=&#8221;4.27.5&#8243; _module_preset=&#8221;default&#8221; global_colors_info=&#8221;{}&#8221;][et_pb_text _builder_version=&#8221;4.27.5&#8243; _module_preset=&#8221;default&#8221; global_colors_info=&#8221;{}&#8221;]<\/p>\n<h2 style=\"text-align: center;\">Logos oficiales del Campus Los \u00c1ngeles<\/h2>\n<p>[\/et_pb_text][\/et_pb_column][\/et_pb_row][et_pb_row column_structure=&#8221;1_4,1_4,1_4,1_4&#8243; _builder_version=&#8221;4.27.5&#8243; _module_preset=&#8221;default&#8221; global_colors_info=&#8221;{}&#8221;][et_pb_column type=&#8221;1_4&#8243; _builder_version=&#8221;4.27.5&#8243; _module_preset=&#8221;default&#8221; global_colors_info=&#8221;{}&#8221;][et_pb_image src=&#8221;https:\/\/informaticala.udec.cl\/wp-content\/uploads\/2026\/03\/Logos-Los-Angeles-udec_la-2023_Mesa-de-trabajo-1.png&#8221; title_text=&#8221;Logos Los \u00c1ngeles udec_la 2023_Mesa de trabajo 1&#8243; _builder_version=&#8221;4.27.5&#8243; _module_preset=&#8221;default&#8221; global_colors_info=&#8221;{}&#8221;][\/et_pb_image][\/et_pb_column][et_pb_column type=&#8221;1_4&#8243; _builder_version=&#8221;4.27.5&#8243; _module_preset=&#8221;default&#8221; global_colors_info=&#8221;{}&#8221;][et_pb_image src=&#8221;https:\/\/informaticala.udec.cl\/wp-content\/uploads\/2026\/03\/Logos-Los-Angeles-udec_la-2023-02.png&#8221; title_text=&#8221;Logos Los \u00c1ngeles udec_la 2023-02&#8243; _builder_version=&#8221;4.27.5&#8243; _module_preset=&#8221;default&#8221; global_colors_info=&#8221;{}&#8221;][\/et_pb_image][\/et_pb_column][et_pb_column type=&#8221;1_4&#8243; _builder_version=&#8221;4.27.5&#8243; _module_preset=&#8221;default&#8221; global_colors_info=&#8221;{}&#8221;][et_pb_image src=&#8221;https:\/\/informaticala.udec.cl\/wp-content\/uploads\/2026\/03\/Logos-Los-Angeles-udec_la-2023-04.png&#8221; title_text=&#8221;Logos Los \u00c1ngeles udec_la 2023-04&#8243; _builder_version=&#8221;4.27.5&#8243; _module_preset=&#8221;default&#8221; global_colors_info=&#8221;{}&#8221;][\/et_pb_image][\/et_pb_column][et_pb_column type=&#8221;1_4&#8243; _builder_version=&#8221;4.27.5&#8243; _module_preset=&#8221;default&#8221; global_colors_info=&#8221;{}&#8221;][et_pb_image src=&#8221;https:\/\/informaticala.udec.cl\/wp-content\/uploads\/2026\/03\/Logos-Los-Angeles-udec_la-2023-03.png&#8221; title_text=&#8221;Logos Los \u00c1ngeles udec_la 2023-03&#8243; _builder_version=&#8221;4.27.5&#8243; _module_preset=&#8221;default&#8221; global_colors_info=&#8221;{}&#8221;][\/et_pb_image][\/et_pb_column][\/et_pb_row][et_pb_row column_structure=&#8221;1_4,1_4,1_4,1_4&#8243; _builder_version=&#8221;4.27.5&#8243; _module_preset=&#8221;default&#8221; global_colors_info=&#8221;{}&#8221;][et_pb_column type=&#8221;1_4&#8243; _builder_version=&#8221;4.27.5&#8243; _module_preset=&#8221;default&#8221; global_colors_info=&#8221;{}&#8221;][et_pb_image src=&#8221;https:\/\/informaticala.udec.cl\/wp-content\/uploads\/2026\/03\/Logos-Los-Angeles-udec_la-2023-05.png&#8221; title_text=&#8221;Logos Los \u00c1ngeles udec_la 2023-05&#8243; _builder_version=&#8221;4.27.5&#8243; _module_preset=&#8221;default&#8221; global_colors_info=&#8221;{}&#8221;][\/et_pb_image][\/et_pb_column][et_pb_column type=&#8221;1_4&#8243; _builder_version=&#8221;4.27.5&#8243; _module_preset=&#8221;default&#8221; global_colors_info=&#8221;{}&#8221;][et_pb_image src=&#8221;https:\/\/informaticala.udec.cl\/wp-content\/uploads\/2026\/03\/Logos-Los-Angeles-udec_la-2023-06.png&#8221; title_text=&#8221;Logos Los \u00c1ngeles udec_la 2023-06&#8243; _builder_version=&#8221;4.27.5&#8243; _module_preset=&#8221;default&#8221; global_colors_info=&#8221;{}&#8221;][\/et_pb_image][\/et_pb_column][et_pb_column type=&#8221;1_4&#8243; _builder_version=&#8221;4.27.5&#8243; _module_preset=&#8221;default&#8221; global_colors_info=&#8221;{}&#8221;][et_pb_image src=&#8221;https:\/\/informaticala.udec.cl\/wp-content\/uploads\/2026\/03\/Logos-Los-Angeles-udec_la-2023-07.png&#8221; title_text=&#8221;Logos Los \u00c1ngeles udec_la 2023-07&#8243; _builder_version=&#8221;4.27.5&#8243; _module_preset=&#8221;default&#8221; background_color=&#8221;#E09900&#8243; global_colors_info=&#8221;{}&#8221;][\/et_pb_image][\/et_pb_column][et_pb_column type=&#8221;1_4&#8243; _builder_version=&#8221;4.27.5&#8243; _module_preset=&#8221;default&#8221; global_colors_info=&#8221;{}&#8221;][et_pb_image src=&#8221;https:\/\/informaticala.udec.cl\/wp-content\/uploads\/2026\/03\/Logos-Los-Angeles-udec_la-2023-08.png&#8221; title_text=&#8221;Logos Los \u00c1ngeles udec_la 2023-08&#8243; _builder_version=&#8221;4.27.5&#8243; _module_preset=&#8221;default&#8221; background_color=&#8221;#E09900&#8243; global_colors_info=&#8221;{}&#8221;][\/et_pb_image][\/et_pb_column][\/et_pb_row][et_pb_row column_structure=&#8221;2_5,3_5&#8243; _builder_version=&#8221;4.27.6&#8243; _module_preset=&#8221;default&#8221; global_colors_info=&#8221;{}&#8221;][et_pb_column type=&#8221;2_5&#8243; _builder_version=&#8221;4.27.6&#8243; _module_preset=&#8221;default&#8221; global_colors_info=&#8221;{}&#8221;][et_pb_text _builder_version=&#8221;4.27.6&#8243; _module_preset=&#8221;default&#8221; global_colors_info=&#8221;{}&#8221;]<\/p>\n<h3 style=\"text-align: right;\">Descargar &#8212;&gt;<\/h3>\n<p>[\/et_pb_text][\/et_pb_column][et_pb_column type=&#8221;3_5&#8243; _builder_version=&#8221;4.27.6&#8243; _module_preset=&#8221;default&#8221; global_colors_info=&#8221;{}&#8221;][et_pb_button button_url=&#8221;https:\/\/informaticala.udec.cl\/wp-content\/uploads\/2026\/04\/Logos-Campus-Los-Angeles.zip&#8221; url_new_window=&#8221;on&#8221; button_text=&#8221;Descagar .zip&#8221; button_alignment=&#8221;center&#8221; _builder_version=&#8221;4.27.6&#8243; _module_preset=&#8221;default&#8221; button_border_radius=&#8221;16px&#8221; hover_enabled=&#8221;0&#8243; global_colors_info=&#8221;{}&#8221; sticky_enabled=&#8221;0&#8243;][\/et_pb_button][\/et_pb_column][\/et_pb_row][et_pb_row _builder_version=&#8221;4.27.5&#8243; _module_preset=&#8221;default&#8221; global_colors_info=&#8221;{}&#8221;][et_pb_column type=&#8221;4_4&#8243; _builder_version=&#8221;4.27.5&#8243; _module_preset=&#8221;default&#8221; global_colors_info=&#8221;{}&#8221;][et_pb_button button_url=&#8221;https:\/\/normasgraficas.udec.cl&#8221; url_new_window=&#8221;on&#8221; button_text=&#8221;Normas Gr\u00e1ficas UdeC&#8221; button_alignment=&#8221;center&#8221; _builder_version=&#8221;4.27.5&#8243; _module_preset=&#8221;default&#8221; button_text_size=&#8221;16px&#8221; button_border_width=&#8221;2px&#8221; button_border_radius=&#8221;24px&#8221; global_colors_info=&#8221;{}&#8221;][\/et_pb_button][\/et_pb_column][\/et_pb_row][et_pb_row column_structure=&#8221;1_4,1_4,1_4,1_4&#8243; _builder_version=&#8221;4.27.4&#8243; _module_preset=&#8221;default&#8221; background_color=&#8221;rgba(199,213,237,0.55)&#8221; border_radii=&#8221;on|20px|20px|20px|20px&#8221; locked=&#8221;off&#8221; global_colors_info=&#8221;{}&#8221;][et_pb_column type=&#8221;1_4&#8243; _builder_version=&#8221;4.25.2&#8243; _module_preset=&#8221;default&#8221; global_colors_info=&#8221;{}&#8221;][et_pb_blurb title=&#8221;Vis\u00edtanos&#8221; use_icon=&#8221;on&#8221; font_icon=&#8221;&#xf3c5;||fa||900&#8243; icon_color=&#8221;#E09900&#8243; _builder_version=&#8221;4.27.4&#8243; _module_preset=&#8221;336f118a-5127-42e4-a3d9-e2cedd5a32b3&#8243; header_font=&#8221;Poppins||||||||&#8221; header_text_color=&#8221;#002e5a&#8221; body_font=&#8221;&#8211;et_global_body_font||||||||&#8221; body_text_color=&#8221;#002e5a&#8221; global_colors_info=&#8221;{%22gcid-d7cd5a78-aaef-4f36-82a3-4d3706015cba%22:%91%22link_text_color%22,%22link_text_color%22,%22link_text_color%22%93,%22gcid-1f1b4e15-7cc6-4e13-8154-74d77a956460%22:%91%22link_text_color%22,%22quote_text_color%22,%22quote_border_color%22,%22link_text_color%22,%22quote_text_color%22,%22quote_border_color%22%93}&#8221;]<\/p>\n<p><span>Juan Antonio Coloma #0201. Los \u00c1ngeles \/ Chile<\/span><\/p>\n<p>[\/et_pb_blurb][\/et_pb_column][et_pb_column type=&#8221;1_4&#8243; _builder_version=&#8221;4.25.2&#8243; _module_preset=&#8221;default&#8221; global_colors_info=&#8221;{}&#8221;][et_pb_blurb title=&#8221;Fono&#8221; use_icon=&#8221;on&#8221; font_icon=&#8221;&#xe090;||divi||400&#8243; icon_color=&#8221;#002e5a&#8221; _builder_version=&#8221;4.27.5&#8243; _module_preset=&#8221;336f118a-5127-42e4-a3d9-e2cedd5a32b3&#8243; header_font=&#8221;&#8211;et_global_body_font||||||||&#8221; header_text_color=&#8221;#002e5a&#8221; body_text_color=&#8221;#002e5a&#8221; locked=&#8221;off&#8221; global_colors_info=&#8221;{%22gcid-d7cd5a78-aaef-4f36-82a3-4d3706015cba%22:%91%22link_text_color%22,%22link_text_color%22,%22link_text_color%22%93,%22gcid-1f1b4e15-7cc6-4e13-8154-74d77a956460%22:%91%22link_text_color%22,%22quote_text_color%22,%22quote_border_color%22,%22link_text_color%22,%22quote_text_color%22,%22quote_border_color%22%93}&#8221;]<\/p>\n<p><span>+56 432 405147<\/span><\/p>\n<p>[\/et_pb_blurb][\/et_pb_column][et_pb_column type=&#8221;1_4&#8243; _builder_version=&#8221;4.25.2&#8243; _module_preset=&#8221;default&#8221; global_colors_info=&#8221;{}&#8221;][et_pb_blurb title=&#8221;Email&#8221; use_icon=&#8221;on&#8221; font_icon=&#8221;&#xe076;||divi||400&#8243; icon_color=&#8221;gcid-4c79ba3d-a281-4fb6-9b14-02f9a4c793f2&#8243; _builder_version=&#8221;4.27.5&#8243; _module_preset=&#8221;336f118a-5127-42e4-a3d9-e2cedd5a32b3&#8243; header_text_color=&#8221;#002e5a&#8221; body_font=&#8221;&#8211;et_global_body_font||||||||&#8221; body_text_color=&#8221;#002e5a&#8221; body_link_font=&#8221;&#8211;et_global_body_font||||||||&#8221; body_link_text_color=&#8221;#002e5a&#8221; locked=&#8221;off&#8221; global_colors_info=&#8221;{%22gcid-d7cd5a78-aaef-4f36-82a3-4d3706015cba%22:%91%22link_text_color%22,%22link_text_color%22,%22link_text_color%22%93,%22gcid-1f1b4e15-7cc6-4e13-8154-74d77a956460%22:%91%22link_text_color%22,%22quote_text_color%22,%22quote_border_color%22,%22link_text_color%22,%22quote_text_color%22,%22quote_border_color%22%93,%22gcid-4c79ba3d-a281-4fb6-9b14-02f9a4c793f2%22:%91%22icon_color%22%93}&#8221;]<\/p>\n<p><a href=\"mailto:dafe@udec.cl\" target=\"_blank\" rel=\"noopener\"><span>dafe@udec.cl<\/span><\/a><\/p>\n<p>[\/et_pb_blurb][\/et_pb_column][et_pb_column type=&#8221;1_4&#8243; _builder_version=&#8221;4.25.2&#8243; _module_preset=&#8221;default&#8221; global_colors_info=&#8221;{}&#8221;][et_pb_blurb title=&#8221;Horario&#8221; use_icon=&#8221;on&#8221; font_icon=&#8221;&#x7d;||divi||400&#8243; icon_color=&#8221;gcid-4c79ba3d-a281-4fb6-9b14-02f9a4c793f2&#8243; _builder_version=&#8221;4.27.5&#8243; _module_preset=&#8221;336f118a-5127-42e4-a3d9-e2cedd5a32b3&#8243; header_text_color=&#8221;#002e5a&#8221; body_font=&#8221;&#8211;et_global_body_font||||||||&#8221; body_text_color=&#8221;#002e5a&#8221; body_link_font=&#8221;&#8211;et_global_body_font||||||||&#8221; body_link_text_color=&#8221;#002e5a&#8221; locked=&#8221;off&#8221; global_colors_info=&#8221;{%22gcid-d7cd5a78-aaef-4f36-82a3-4d3706015cba%22:%91%22link_text_color%22,%22link_text_color%22,%22link_text_color%22%93,%22gcid-1f1b4e15-7cc6-4e13-8154-74d77a956460%22:%91%22link_text_color%22,%22quote_text_color%22,%22quote_border_color%22,%22link_text_color%22,%22quote_text_color%22,%22quote_border_color%22%93,%22gcid-4c79ba3d-a281-4fb6-9b14-02f9a4c793f2%22:%91%22icon_color%22%93}&#8221;]<\/p>\n<p>Lunes a Viernes<br \/><span>8:30 a 17:30<\/span><\/p>\n<p>[\/et_pb_blurb][\/et_pb_column][\/et_pb_row][\/et_pb_section][et_pb_section fb_built=&#8221;1&#8243; _builder_version=&#8221;4.27.5&#8243; _module_preset=&#8221;f66a0dc0-0499-4e50-90c7-88d4028cdccb&#8221; background_image=&#8221;https:\/\/informaticala.udec.cl\/wp-content\/uploads\/2026\/03\/normas-grafi-as.jpg&#8221; parallax=&#8221;on&#8221; height=&#8221;300px&#8221; custom_margin=&#8221;0px|0px|0px|0px|false|false&#8221; locked=&#8221;off&#8221;][\/et_pb_section]<\/p>\n","protected":false},"excerpt":{"rendered":"<p>&nbsp; &nbsp;Las normas gr\u00e1ficas establecen los lineamientos oficiales para el uso correcto de la identidad visual institucional en todos sus soportes f\u00edsicos y digitales.Este documento define criterios t\u00e9cnicos y de [&hellip;]<\/p>\n","protected":false},"author":1,"featured_media":0,"parent":0,"menu_order":0,"comment_status":"closed","ping_status":"closed","template":"","meta":{"_et_pb_use_builder":"on","_et_pb_old_content":"","_et_gb_content_width":"","footnotes":""},"class_list":["post-281082","page","type-page","status-publish","hentry"],"_links":{"self":[{"href":"https:\/\/informaticala.udec.cl\/index.php\/wp-json\/wp\/v2\/pages\/281082","targetHints":{"allow":["GET"]}}],"collection":[{"href":"https:\/\/informaticala.udec.cl\/index.php\/wp-json\/wp\/v2\/pages"}],"about":[{"href":"https:\/\/informaticala.udec.cl\/index.php\/wp-json\/wp\/v2\/types\/page"}],"author":[{"embeddable":true,"href":"https:\/\/informaticala.udec.cl\/index.php\/wp-json\/wp\/v2\/users\/1"}],"replies":[{"embeddable":true,"href":"https:\/\/informaticala.udec.cl\/index.php\/wp-json\/wp\/v2\/comments?post=281082"}],"version-history":[{"count":16,"href":"https:\/\/informaticala.udec.cl\/index.php\/wp-json\/wp\/v2\/pages\/281082\/revisions"}],"predecessor-version":[{"id":283302,"href":"https:\/\/informaticala.udec.cl\/index.php\/wp-json\/wp\/v2\/pages\/281082\/revisions\/283302"}],"wp:attachment":[{"href":"https:\/\/informaticala.udec.cl\/index.php\/wp-json\/wp\/v2\/media?parent=281082"}],"curies":[{"name":"wp","href":"https:\/\/api.w.org\/{rel}","templated":true}]}}