{"id":283030,"date":"2026-03-24T10:03:07","date_gmt":"2026-03-24T13:03:07","guid":{"rendered":"https:\/\/informaticala.udec.cl\/?page_id=283030"},"modified":"2026-03-24T10:03:17","modified_gmt":"2026-03-24T13:03:17","slug":"nodo-y-la-conexion-a-internet","status":"publish","type":"page","link":"https:\/\/informaticala.udec.cl\/index.php\/nodo-y-la-conexion-a-internet\/","title":{"rendered":"Nodo &#8211; y la conexi\u00f3n a internet"},"content":{"rendered":"\n[et_pb_section fb_built=&#8221;1&#8243; fullwidth=&#8221;on&#8221; admin_label=&#8221;Page Header&#8221; _builder_version=&#8221;4.27.5&#8243; background_image=&#8221;https:\/\/informaticala.udec.cl\/wp-content\/uploads\/2026\/03\/normas-grafi-as.jpg&#8221; parallax=&#8221;on&#8221; animation_direction=&#8221;top&#8221; locked=&#8221;off&#8221; global_colors_info=&#8221;{}&#8221;][et_pb_fullwidth_header title=&#8221;@ET-DC@eyJkeW5hbWljIjp0cnVlLCJjb250ZW50IjoicG9zdF90aXRsZSIsInNldHRpbmdzIjp7ImJlZm9yZSI6IiIsImFmdGVyIjoiIn19@&#8221; scroll_down_icon_size=&#8221;48px&#8221; admin_label=&#8221;Hero Section&#8221; _builder_version=&#8221;4.27.6&#8243; _dynamic_attributes=&#8221;title&#8221; title_font=&#8221;&#8211;et_global_body_font|600|||||||&#8221; title_font_size=&#8221;36px&#8221; title_line_height=&#8221;1.4em&#8221; content_font_size=&#8221;22px&#8221; content_line_height=&#8221;1.8em&#8221; subhead_font=&#8221;||||&#8221; background_color=&#8221;rgba(255, 255, 255, 0)&#8221; use_background_color_gradient=&#8221;on&#8221; background_color_gradient_stops=&#8221;rgba(44,36,158,0.93) 0%|rgba(73,108,220,0.7) 100%&#8221; background_color_gradient_start=&#8221;rgba(58,52,226,0.93)&#8221; background_color_gradient_end=&#8221;rgba(73,108,220,0.7)&#8221; background_size=&#8221;initial&#8221; background_position=&#8221;top_left&#8221; background_repeat=&#8221;repeat&#8221; button_one_text_size=&#8221;16px&#8221; button_one_bg_color=&#8221;#6eba01&#8243; button_one_border_width=&#8221;2px&#8221; button_one_border_color=&#8221;#6eba01&#8243; button_one_border_radius=&#8221;0&#8243; button_one_letter_spacing=&#8221;2&#8243; button_one_font=&#8221;Montserrat|||on|&#8221; button_one_use_icon=&#8221;off&#8221; button_two_text_size=&#8221;16px&#8221; button_two_border_width=&#8221;2px&#8221; button_two_border_color=&#8221;#ffffff&#8221; button_two_border_radius=&#8221;0&#8243; button_two_letter_spacing=&#8221;2&#8243; button_two_font=&#8221;Montserrat|||on|&#8221; button_two_use_icon=&#8221;off&#8221; module_alignment=&#8221;center&#8221; custom_padding=&#8221;0vw||0vw||true|false&#8221; animation_style=&#8221;fade&#8221; button_one_text_color_hover=&#8221;#6eba01&#8243; button_two_text_color_hover=&#8221;#6eba01&#8243; button_one_border_color_hover=&#8221;#ffffff&#8221; button_two_border_color_hover=&#8221;#ffffff&#8221; button_one_border_radius_hover=&#8221;0&#8243; button_two_border_radius_hover=&#8221;0&#8243; button_one_letter_spacing_hover=&#8221;2&#8243; button_two_letter_spacing_hover=&#8221;2&#8243; button_one_bg_color_hover=&#8221;#ffffff&#8221; button_two_bg_color_hover=&#8221;#ffffff&#8221; global_colors_info=&#8221;{}&#8221; button_one_text_size__hover_enabled=&#8221;off&#8221; button_two_text_size__hover_enabled=&#8221;off&#8221; button_one_text_color__hover_enabled=&#8221;on&#8221; button_one_text_color__hover=&#8221;#6eba01&#8243; button_two_text_color__hover_enabled=&#8221;on&#8221; button_two_text_color__hover=&#8221;#6eba01&#8243; button_one_border_width__hover_enabled=&#8221;off&#8221; button_two_border_width__hover_enabled=&#8221;off&#8221; button_one_border_color__hover_enabled=&#8221;on&#8221; button_one_border_color__hover=&#8221;#ffffff&#8221; button_two_border_color__hover_enabled=&#8221;on&#8221; button_two_border_color__hover=&#8221;#ffffff&#8221; button_one_border_radius__hover_enabled=&#8221;on&#8221; button_one_border_radius__hover=&#8221;0&#8243; button_two_border_radius__hover_enabled=&#8221;on&#8221; button_two_border_radius__hover=&#8221;0&#8243; button_one_letter_spacing__hover_enabled=&#8221;on&#8221; button_one_letter_spacing__hover=&#8221;2&#8243; button_two_letter_spacing__hover_enabled=&#8221;on&#8221; button_two_letter_spacing__hover=&#8221;2&#8243; button_one_bg_color__hover_enabled=&#8221;on&#8221; button_one_bg_color__hover=&#8221;#ffffff&#8221; button_two_bg_color__hover_enabled=&#8221;on&#8221; button_two_bg_color__hover=&#8221;#ffffff&#8221;]<p>&nbsp;<\/p>\n<p>&nbsp;<\/p>[\/et_pb_fullwidth_header][\/et_pb_section][et_pb_section fb_built=&#8221;1&#8243; _builder_version=&#8221;4.16&#8243; global_colors_info=&#8221;{}&#8221;][et_pb_row column_structure=&#8221;2_5,3_5&#8243; _builder_version=&#8221;4.27.4&#8243; _module_preset=&#8221;default&#8221; custom_margin=&#8221;-22px|auto||auto||&#8221; global_colors_info=&#8221;{}&#8221; custom_padding=&#8221;||1px|||&#8221;][et_pb_column type=&#8221;2_5&#8243; _builder_version=&#8221;4.27.4&#8243; _module_preset=&#8221;default&#8221; global_colors_info=&#8221;{}&#8221;][et_pb_image src=&#8221;https:\/\/informaticala.udec.cl\/wp-content\/uploads\/2026\/03\/nodo.png&#8221; alt=&#8221;DG&#8221; title_text=&#8221;nodo&#8221; _builder_version=&#8221;4.27.6&#8243; _module_preset=&#8221;default&#8221; border_radii=&#8221;on|20px|20px|20px|20px&#8221; global_colors_info=&#8221;{}&#8221;][\/et_pb_image][\/et_pb_column][et_pb_column type=&#8221;3_5&#8243; _builder_version=&#8221;4.27.4&#8243; _module_preset=&#8221;default&#8221; global_colors_info=&#8221;{}&#8221;][et_pb_heading title=&#8221;Nodo \u2013 El Conector de la Red&#8221; _builder_version=&#8221;4.27.6&#8243; _module_preset=&#8221;8f9ef2fe-68bd-4edf-ad9f-df13208ba554&#8243; title_level=&#8221;h3&#8243; title_font=&#8221;&#8211;et_global_heading_font||||||||&#8221; title_font_size=&#8221;21px&#8221; global_colors_info=&#8221;{}&#8221;][\/et_pb_heading][et_pb_text quote_border_color=&#8221;#0047ff&#8221; _builder_version=&#8221;4.27.6&#8243; _module_preset=&#8221;c0223b1b-8f72-46a5-82e9-87fb4f9ec015&#8243; text_font=&#8221;&#8211;et_global_body_font||||||||&#8221; link_text_color=&#8221;#0047ff&#8221; quote_text_color=&#8221;#0047ff&#8221; width=&#8221;99.2%&#8221; custom_padding=&#8221;||0px|||&#8221; global_colors_info=&#8221;{}&#8221;]<h3 data-section-id=\"1ibe971\" data-start=\"131\" data-end=\"152\">\u00bfQui\u00e9n es Nodo?<\/h3>\n<p data-start=\"154\" data-end=\"322\">Nodo es el <strong data-start=\"165\" data-end=\"208\">encargado de la conectividad del campus<\/strong>, quien mantiene unidas todas las redes, dispositivos y sistemas para que la informaci\u00f3n fluya sin interrupciones.<\/p>\n<p data-start=\"324\" data-end=\"539\">Naci\u00f3 desde los puntos de conexi\u00f3n de la red universitaria \u2014cada router, cable y se\u00f1al WiFi\u2014 que, al integrarse, dieron vida a una entidad capaz de <strong data-start=\"472\" data-end=\"538\">conectar, distribuir y mantener activa la comunicaci\u00f3n digital<\/strong>.<\/p>\n<p data-start=\"541\" data-end=\"584\">Donde hay conexi\u00f3n\u2026 <strong data-start=\"561\" data-end=\"583\">Nodo est\u00e1 presente<\/strong>.<\/p>\n<p data-start=\"541\" data-end=\"584\">\n<p data-start=\"541\" data-end=\"584\">\n<p data-start=\"541\" data-end=\"584\"><span>\ud83d\udc49 <\/span><strong data-start=\"2158\" data-end=\"2214\">\u201cNodo: conecta tu experiencia digital en el campus.\u201d<\/strong><\/p>[\/et_pb_text][\/et_pb_column][\/et_pb_row][et_pb_row column_structure=&#8221;1_3,1_3,1_3&#8243; _builder_version=&#8221;4.27.6&#8243; _module_preset=&#8221;default&#8221; global_colors_info=&#8221;{}&#8221;][et_pb_column type=&#8221;1_3&#8243; _builder_version=&#8221;4.27.6&#8243; _module_preset=&#8221;default&#8221; global_colors_info=&#8221;{}&#8221;][et_pb_accordion _builder_version=&#8221;4.27.6&#8243; _module_preset=&#8221;default&#8221; global_colors_info=&#8221;{}&#8221;][et_pb_accordion_item title=&#8221;\ud83d\udce1 Especialidad&#8221; open=&#8221;on&#8221; _builder_version=&#8221;4.27.6&#8243; _module_preset=&#8221;default&#8221; global_colors_info=&#8221;{}&#8221;]<p data-start=\"611\" data-end=\"634\">Nodo se especializa en:<\/p>\n<ul data-start=\"636\" data-end=\"811\">\n<li data-section-id=\"2pm9oq\" data-start=\"636\" data-end=\"668\">Conectividad WiFi del campus<\/li>\n<li data-section-id=\"13g6ud4\" data-start=\"669\" data-end=\"699\">Red cableada institucional<\/li>\n<li data-section-id=\"1orzyju\" data-start=\"700\" data-end=\"721\">Acceso a internet<\/li>\n<li data-section-id=\"6th1xd\" data-start=\"722\" data-end=\"746\">Configuraci\u00f3n de red<\/li>\n<li data-section-id=\"njf4eb\" data-start=\"747\" data-end=\"777\">Estabilidad de la conexi\u00f3n<\/li>\n<li data-section-id=\"1m0l78s\" data-start=\"778\" data-end=\"811\">Cobertura en salas y espacios<\/li>\n<\/ul>[\/et_pb_accordion_item][\/et_pb_accordion][\/et_pb_column][et_pb_column type=&#8221;1_3&#8243; _builder_version=&#8221;4.27.6&#8243; _module_preset=&#8221;default&#8221; global_colors_info=&#8221;{}&#8221;][et_pb_accordion _builder_version=&#8221;4.27.6&#8243; _module_preset=&#8221;default&#8221; global_colors_info=&#8221;{}&#8221;][et_pb_accordion_item title=&#8221;\ud83e\udde9 Personalidad&#8221; open=&#8221;on&#8221; _builder_version=&#8221;4.27.6&#8243; _module_preset=&#8221;default&#8221; global_colors_info=&#8221;{}&#8221;]<p data-start=\"838\" data-end=\"846\">Nodo es:<\/p>\n<ul data-start=\"848\" data-end=\"948\">\n<li data-section-id=\"18p365e\" data-start=\"848\" data-end=\"860\">din\u00e1mico<\/li>\n<li data-section-id=\"2h89lj\" data-start=\"861\" data-end=\"891\">sociable (todo lo conecta)<\/li>\n<li data-section-id=\"1doxxpl\" data-start=\"892\" data-end=\"902\">r\u00e1pido<\/li>\n<li data-section-id=\"jch70b\" data-start=\"903\" data-end=\"921\">siempre activo<\/li>\n<li data-section-id=\"1yw99x7\" data-start=\"922\" data-end=\"948\">cercano a los usuarios<\/li>\n<\/ul>\n<p data-start=\"950\" data-end=\"963\">Su filosof\u00eda:<\/p>\n<p data-start=\"965\" data-end=\"1006\">\ud83d\udc49 <em data-start=\"968\" data-end=\"1006\">\u201cEstar conectado es estar presente.\u201d<\/em><\/p>[\/et_pb_accordion_item][\/et_pb_accordion][\/et_pb_column][et_pb_column type=&#8221;1_3&#8243; _builder_version=&#8221;4.27.6&#8243; _module_preset=&#8221;default&#8221; global_colors_info=&#8221;{}&#8221;][et_pb_accordion _builder_version=&#8221;4.27.6&#8243; _module_preset=&#8221;default&#8221; global_colors_info=&#8221;{}&#8221;][et_pb_accordion_item title=&#8221;\u26a1 Habilidades&#8221; open=&#8221;on&#8221; _builder_version=&#8221;4.27.6&#8243; _module_preset=&#8221;default&#8221; global_colors_info=&#8221;{}&#8221;]<ul data-start=\"1031\" data-end=\"1224\">\n<li data-section-id=\"17rincs\" data-start=\"1031\" data-end=\"1068\">Detecta ca\u00eddas de red en segundos<\/li>\n<li data-section-id=\"qs7num\" data-start=\"1069\" data-end=\"1099\">Optimiza rutas de conexi\u00f3n<\/li>\n<li data-section-id=\"tgb7qf\" data-start=\"1100\" data-end=\"1137\">Mantiene la estabilidad de la red<\/li>\n<li data-section-id=\"luwfjz\" data-start=\"1138\" data-end=\"1188\">Conecta m\u00faltiples dispositivos simult\u00e1neamente<\/li>\n<li data-section-id=\"w9u31e\" data-start=\"1189\" data-end=\"1224\">Trabaja en coordinaci\u00f3n con UTI<\/li>\n<\/ul>[\/et_pb_accordion_item][\/et_pb_accordion][\/et_pb_column][\/et_pb_row][et_pb_row _builder_version=&#8221;4.27.4&#8243; _module_preset=&#8221;default&#8221; global_colors_info=&#8221;{}&#8221;][et_pb_column type=&#8221;4_4&#8243; _builder_version=&#8221;4.27.4&#8243; _module_preset=&#8221;default&#8221; global_colors_info=&#8221;{}&#8221;][et_pb_toggle title=&#8221;\ud83c\udf10 Soporte de Nodo \u2013 Conectividad y Red&#8221; icon_color=&#8221;#E09900&#8243; use_icon_font_size=&#8221;on&#8221; icon_font_size=&#8221;22px&#8221; open_use_icon_font_size=&#8221;on&#8221; open_icon_font_size=&#8221;22px&#8221; _builder_version=&#8221;4.27.6&#8243; _module_preset=&#8221;default&#8221; title_text_color=&#8221;#0C71C3&#8243; title_level=&#8221;h4&#8243; title_font=&#8221;|600|||||||&#8221; title_font_size=&#8221;18px&#8221; body_font_size=&#8221;16px&#8221; custom_margin=&#8221;||14px|||&#8221; animation_style=&#8221;bounce&#8221; title_text_align_tablet=&#8221;&#8221; title_text_align_phone=&#8221;&#8221; title_text_align_last_edited=&#8221;on|phone&#8221; border_radii=&#8221;on|20px|20px|20px|20px&#8221; global_colors_info=&#8221;{}&#8221;]<p data-start=\"658\" data-end=\"821\"><\/p>\n<table style=\"border-collapse: collapse; width: 100%;\" border=\"1\">\n<tbody>\n<tr>\n<td style=\"width: 33.333333%;\">\n<h2 data-section-id=\"i6xnm6\" data-start=\"189\" data-end=\"222\">\ud83d\udcf6 1. Conexi\u00f3n a red WiFi UdeC<\/h2>\n<ul data-start=\"223\" data-end=\"365\">\n<li data-section-id=\"1uffme\" data-start=\"223\" data-end=\"259\">Problemas para conectarse a WiFi<\/li>\n<li data-section-id=\"8fzo7h\" data-start=\"260\" data-end=\"303\">Configuraci\u00f3n de acceso en dispositivos<\/li>\n<li data-section-id=\"ukx47m\" data-start=\"304\" data-end=\"330\">Error de autenticaci\u00f3n<\/li>\n<li data-section-id=\"1uyqr48\" data-start=\"331\" data-end=\"365\">Reconexi\u00f3n a red institucional<\/li>\n<\/ul>\n<p data-start=\"367\" data-end=\"417\">\ud83d\udc49 <strong data-start=\"370\" data-end=\"386\">Caso t\u00edpico:<\/strong> \u201cNo me puedo conectar al WiFi\u201d<\/p>\n<ul data-start=\"410\" data-end=\"553\"><\/ul>\n<\/td>\n<td style=\"width: 33.333333%;\">\n<h2 data-section-id=\"izm5yi\" data-start=\"424\" data-end=\"458\">\ud83c\udf10 2. Problemas de conectividad<\/h2>\n<ul data-start=\"459\" data-end=\"561\">\n<li data-section-id=\"k8jl9r\" data-start=\"459\" data-end=\"489\">Internet lento o inestable<\/li>\n<li data-section-id=\"1d7wrzy\" data-start=\"490\" data-end=\"512\">Cortes de conexi\u00f3n<\/li>\n<li data-section-id=\"1wve1ex\" data-start=\"513\" data-end=\"540\">Intermitencia en la red<\/li>\n<li data-section-id=\"1yp0lj4\" data-start=\"541\" data-end=\"561\">P\u00e9rdida de se\u00f1al<\/li>\n<\/ul>\n<p data-start=\"563\" data-end=\"606\">\ud83d\udc49 <strong data-start=\"566\" data-end=\"582\">Caso t\u00edpico:<\/strong> \u201cSe me cae el internet\u201d<\/p>\n<\/td>\n<td style=\"width: 33.333333%;\">\n<h2 data-section-id=\"sweftj\" data-start=\"613\" data-end=\"634\">\ud83d\udd0c 3. Red cableada<\/h2>\n<ul data-start=\"635\" data-end=\"751\">\n<li data-section-id=\"ylfubh\" data-start=\"635\" data-end=\"670\">Punto de red sin funcionamiento<\/li>\n<li data-section-id=\"15erggt\" data-start=\"671\" data-end=\"710\">Configuraci\u00f3n de conexi\u00f3n por cable<\/li>\n<li data-section-id=\"yn0de4\" data-start=\"711\" data-end=\"751\">Problemas en oficinas o laboratorios<\/li>\n<\/ul>\n<p data-start=\"753\" data-end=\"798\">\ud83d\udc49 <strong data-start=\"756\" data-end=\"772\">Caso t\u00edpico:<\/strong> \u201cEl cable no da internet\u201d<\/p>\n<\/td>\n<\/tr>\n<\/tbody>\n<\/table>\n<table style=\"border-collapse: collapse; width: 100%;\" border=\"1\">\n<tbody>\n<tr>\n<td style=\"width: 33.333333%;\">\n<h2 data-section-id=\"egzy66\" data-start=\"805\" data-end=\"850\">\ud83c\udfeb 4. Conectividad en salas y laboratorios<\/h2>\n<ul data-start=\"851\" data-end=\"995\">\n<li data-section-id=\"16y46ni\" data-start=\"851\" data-end=\"890\">Problemas de red en salas de clases<\/li>\n<li data-section-id=\"1yxtjqa\" data-start=\"891\" data-end=\"936\">Falta de acceso a internet en laboratorio<\/li>\n<li data-section-id=\"1dykwze\" data-start=\"937\" data-end=\"960\">Baja cobertura WiFi<\/li>\n<li data-section-id=\"e6fkwp\" data-start=\"961\" data-end=\"995\">Apoyo en clases con uso de red<\/li>\n<\/ul>\n<p data-start=\"997\" data-end=\"1045\">\ud83d\udc49 <strong data-start=\"1000\" data-end=\"1016\">Caso t\u00edpico:<\/strong> \u201cEn la sala no hay internet\u201d<\/p>\n<ul data-start=\"937\" data-end=\"1051\"><\/ul>\n<\/td>\n<td style=\"width: 33.333333%;\">\n<h2 data-section-id=\"1fwjbbu\" data-start=\"1052\" data-end=\"1078\">\ud83d\udce1 5. Cobertura y se\u00f1al<\/h2>\n<ul data-start=\"1079\" data-end=\"1176\">\n<li data-section-id=\"19mwdyn\" data-start=\"1079\" data-end=\"1107\">Evaluaci\u00f3n de se\u00f1al WiFi<\/li>\n<li data-section-id=\"1ltugqj\" data-start=\"1108\" data-end=\"1144\">Detecci\u00f3n de zonas sin cobertura<\/li>\n<li data-section-id=\"1hbqcw7\" data-start=\"1145\" data-end=\"1176\">Recomendaciones de conexi\u00f3n<\/li>\n<\/ul>\n<p data-start=\"1178\" data-end=\"1219\">\ud83d\udc49 <strong data-start=\"1181\" data-end=\"1197\">Caso t\u00edpico:<\/strong> \u201cAqu\u00ed no llega se\u00f1al\u201d<\/p>\n<\/td>\n<td style=\"width: 33.333333%;\">\n<h2 data-section-id=\"1ao1n51\" data-start=\"1226\" data-end=\"1271\">\u2699\ufe0f 6. Configuraci\u00f3n de dispositivos en red<\/h2>\n<ul data-start=\"1272\" data-end=\"1403\">\n<li data-section-id=\"1smeykk\" data-start=\"1272\" data-end=\"1318\">Conexi\u00f3n de notebooks, celulares o tablets<\/li>\n<li data-section-id=\"gl9l16\" data-start=\"1319\" data-end=\"1350\">Configuraci\u00f3n b\u00e1sica de red<\/li>\n<li data-section-id=\"xith2d\" data-start=\"1351\" data-end=\"1403\">Validaci\u00f3n de acceso a servicios institucionales<\/li>\n<\/ul>\n<p data-start=\"1405\" data-end=\"1450\">\ud83d\udc49 <strong data-start=\"1408\" data-end=\"1424\">Caso t\u00edpico:<\/strong> \u201cMi equipo no se conecta\u201d<\/p>\n<\/td>\n<\/tr>\n<\/tbody>\n<\/table>\n<p>Para cualquiera de estas consultas, las puedes realizar al correo: <a href=\"mailto:soportela@udec.cl\" title=\"Soporte UTI LA.\">soportela@udec.cl<\/a>\u00a0<\/p>[\/et_pb_toggle][\/et_pb_column][\/et_pb_row][et_pb_row column_structure=&#8221;1_2,1_2&#8243; _builder_version=&#8221;4.27.6&#8243; _module_preset=&#8221;default&#8221; global_colors_info=&#8221;{}&#8221;][et_pb_column type=&#8221;1_2&#8243; _builder_version=&#8221;4.27.6&#8243; _module_preset=&#8221;default&#8221; global_colors_info=&#8221;{}&#8221;][et_pb_text _builder_version=&#8221;4.27.6&#8243; _module_preset=&#8221;default&#8221; global_colors_info=&#8221;{}&#8221;]<h3 style=\"text-align: center;\">Conexi\u00f3n WIFI UdeC<\/h3>\n<h3 style=\"text-align: center;\">\u00bfC\u00f3mo conectarme?<\/h3>[\/et_pb_text][et_pb_text _builder_version=&#8221;4.27.6&#8243; _module_preset=&#8221;default&#8221; global_colors_info=&#8221;{}&#8221;]<p><strong>La Red inal\u00e1mbrica corporativa UdeC<\/strong> est\u00e1 a cargo de la <a href=\"http:\/\/www.udec.cl\/dti\">Direcci\u00f3n de Tecnolog\u00edas de Informaci\u00f3n<\/a> (DTI).<\/p>\n<p>La <strong>red UdeC<\/strong> es una conexi\u00f3n segura, no tiene costo para los usuarios y permite usar servicios como navegar, correo electr\u00f3nico, Infoalumno, etc\u00e9tera.<\/p>\n<p>Esta Red es posible encontrarla en lugares estrat\u00e9gicos de la Universidad y\/o espacios amplios de masiva concurrencia al aire libre. Este nuevo servicio reemplazar\u00e1 a la red WiFi-UdeC y contempla varios beneficios, entre otros: nuevos equipos con soporte a tecnolog\u00edas actuales, una forma m\u00e1s sencilla de conexi\u00f3n, se aumentar\u00e1 la zona de cobertura durante el semestre y distinci\u00f3n de perfiles de usuario.<\/p>\n<p>Adem\u00e1s de la Red UdeC est\u00e1 disponible el <strong>servicio eduroam,<\/strong> con la finalidad de ofrecer acceso inal\u00e1mbrico gratuito a instituciones de educaci\u00f3n e investigaci\u00f3n de todo el mundo. Al usar su direcci\u00f3n de correo electr\u00f3nico y contrase\u00f1a de su cuenta UdeC, puede conectarse a la red inal\u00e1mbrica en una instituci\u00f3n participante. Permite a nuestra comunidad universitaria acceder de forma segura a Internet utilizando la red Wi-Fi de cualquier instituci\u00f3n adscrita a este servicio.<br \/>Aquellos que visitan UdeC desde una instituci\u00f3n miembro pueden acceder a nuestra red inal\u00e1mbrica de eduroam utilizando su direcci\u00f3n de correo electr\u00f3nico y contrase\u00f1a de su instituci\u00f3n.<\/p>\n<p>Para asegurar que no tenga ning\u00fan inconveniente en la conexi\u00f3n cuando visite alguna Universidad que posea este servicio eduroam deber\u00e1 conectarse previamente en nuestra Universidad siguiendo el <a href=\"http:\/\/www.udec.cl\/wifi2\/node\/2\" target=\"_blank\" rel=\"noopener\">Instructivo de Conexi\u00f3n.<\/a><\/p>[\/et_pb_text][\/et_pb_column][et_pb_column type=&#8221;1_2&#8243; _builder_version=&#8221;4.27.6&#8243; _module_preset=&#8221;default&#8221; global_colors_info=&#8221;{}&#8221;][et_pb_image src=&#8221;https:\/\/informaticala.udec.cl\/wp-content\/uploads\/2026\/03\/wifi.png&#8221; title_text=&#8221;wifi&#8221; url=&#8221;http:\/\/www.udec.cl\/wifi2\/node\/2&#8243; url_new_window=&#8221;on&#8221; _builder_version=&#8221;4.27.6&#8243; _module_preset=&#8221;default&#8221; global_colors_info=&#8221;{}&#8221;][\/et_pb_image][\/et_pb_column][\/et_pb_row][et_pb_row column_structure=&#8221;1_4,1_4,1_4,1_4&#8243; _builder_version=&#8221;4.27.4&#8243; _module_preset=&#8221;default&#8221; background_color=&#8221;rgba(199,213,237,0.55)&#8221; border_radii=&#8221;on|20px|20px|20px|20px&#8221; locked=&#8221;off&#8221; global_colors_info=&#8221;{}&#8221;][et_pb_column type=&#8221;1_4&#8243; _builder_version=&#8221;4.25.2&#8243; _module_preset=&#8221;default&#8221; global_colors_info=&#8221;{}&#8221;][et_pb_blurb title=&#8221;Vis\u00edtanos&#8221; use_icon=&#8221;on&#8221; font_icon=&#8221;&#xf3c5;||fa||900&#8243; icon_color=&#8221;#E09900&#8243; _builder_version=&#8221;4.27.4&#8243; _module_preset=&#8221;336f118a-5127-42e4-a3d9-e2cedd5a32b3&#8243; header_font=&#8221;Poppins||||||||&#8221; header_text_color=&#8221;#002e5a&#8221; body_font=&#8221;&#8211;et_global_body_font||||||||&#8221; body_text_color=&#8221;#002e5a&#8221; global_colors_info=&#8221;{%22gcid-d7cd5a78-aaef-4f36-82a3-4d3706015cba%22:%91%22link_text_color%22,%22link_text_color%22,%22link_text_color%22%93,%22gcid-1f1b4e15-7cc6-4e13-8154-74d77a956460%22:%91%22link_text_color%22,%22quote_text_color%22,%22quote_border_color%22,%22link_text_color%22,%22quote_text_color%22,%22quote_border_color%22%93}&#8221;]<p><span>Juan Antonio Coloma #0201. Los \u00c1ngeles \/ Chile<\/span><\/p>[\/et_pb_blurb][\/et_pb_column][et_pb_column type=&#8221;1_4&#8243; _builder_version=&#8221;4.25.2&#8243; _module_preset=&#8221;default&#8221; global_colors_info=&#8221;{}&#8221;][et_pb_blurb title=&#8221;Fono&#8221; use_icon=&#8221;on&#8221; font_icon=&#8221;&#xe090;||divi||400&#8243; icon_color=&#8221;#002e5a&#8221; _builder_version=&#8221;4.27.6&#8243; _module_preset=&#8221;336f118a-5127-42e4-a3d9-e2cedd5a32b3&#8243; header_font=&#8221;&#8211;et_global_body_font||||||||&#8221; header_text_color=&#8221;#002e5a&#8221; body_text_color=&#8221;#002e5a&#8221; locked=&#8221;off&#8221; global_colors_info=&#8221;{%22gcid-d7cd5a78-aaef-4f36-82a3-4d3706015cba%22:%91%22link_text_color%22,%22link_text_color%22,%22link_text_color%22%93,%22gcid-1f1b4e15-7cc6-4e13-8154-74d77a956460%22:%91%22link_text_color%22,%22quote_text_color%22,%22quote_border_color%22,%22link_text_color%22,%22quote_text_color%22,%22quote_border_color%22%93}&#8221;]<p><span>+56 432 405114<\/span><\/p>[\/et_pb_blurb][\/et_pb_column][et_pb_column type=&#8221;1_4&#8243; _builder_version=&#8221;4.25.2&#8243; _module_preset=&#8221;default&#8221; global_colors_info=&#8221;{}&#8221;][et_pb_blurb title=&#8221;Email&#8221; use_icon=&#8221;on&#8221; font_icon=&#8221;&#xe076;||divi||400&#8243; icon_color=&#8221;gcid-4c79ba3d-a281-4fb6-9b14-02f9a4c793f2&#8243; _builder_version=&#8221;4.27.6&#8243; _module_preset=&#8221;336f118a-5127-42e4-a3d9-e2cedd5a32b3&#8243; header_text_color=&#8221;#002e5a&#8221; body_font=&#8221;&#8211;et_global_body_font||||||||&#8221; body_text_color=&#8221;#002e5a&#8221; body_link_font=&#8221;&#8211;et_global_body_font||||||||&#8221; body_link_text_color=&#8221;#002e5a&#8221; locked=&#8221;off&#8221; global_colors_info=&#8221;{%22gcid-d7cd5a78-aaef-4f36-82a3-4d3706015cba%22:%91%22link_text_color%22,%22link_text_color%22,%22link_text_color%22%93,%22gcid-1f1b4e15-7cc6-4e13-8154-74d77a956460%22:%91%22link_text_color%22,%22quote_text_color%22,%22quote_border_color%22,%22link_text_color%22,%22quote_text_color%22,%22quote_border_color%22%93,%22gcid-4c79ba3d-a281-4fb6-9b14-02f9a4c793f2%22:%91%22icon_color%22%93}&#8221;]<p><a href=\"mailto:soportela@udec.cl\">soportela@udec.cl<\/a>\u00a0<\/p>[\/et_pb_blurb][\/et_pb_column][et_pb_column type=&#8221;1_4&#8243; _builder_version=&#8221;4.25.2&#8243; _module_preset=&#8221;default&#8221; global_colors_info=&#8221;{}&#8221;][et_pb_blurb title=&#8221;Horario&#8221; use_icon=&#8221;on&#8221; font_icon=&#8221;&#x7d;||divi||400&#8243; icon_color=&#8221;gcid-4c79ba3d-a281-4fb6-9b14-02f9a4c793f2&#8243; _builder_version=&#8221;4.27.6&#8243; _module_preset=&#8221;336f118a-5127-42e4-a3d9-e2cedd5a32b3&#8243; header_text_color=&#8221;#002e5a&#8221; body_font=&#8221;&#8211;et_global_body_font||||||||&#8221; body_text_color=&#8221;#002e5a&#8221; body_link_font=&#8221;&#8211;et_global_body_font||||||||&#8221; body_link_text_color=&#8221;#002e5a&#8221; locked=&#8221;off&#8221; global_colors_info=&#8221;{%22gcid-d7cd5a78-aaef-4f36-82a3-4d3706015cba%22:%91%22link_text_color%22,%22link_text_color%22,%22link_text_color%22%93,%22gcid-1f1b4e15-7cc6-4e13-8154-74d77a956460%22:%91%22link_text_color%22,%22quote_text_color%22,%22quote_border_color%22,%22link_text_color%22,%22quote_text_color%22,%22quote_border_color%22%93,%22gcid-4c79ba3d-a281-4fb6-9b14-02f9a4c793f2%22:%91%22icon_color%22%93}&#8221;]<p>Lunes a Viernes<br \/><span>8:30 a 17:30<\/span><\/p>[\/et_pb_blurb][\/et_pb_column][\/et_pb_row][\/et_pb_section][et_pb_section fb_built=&#8221;1&#8243; _builder_version=&#8221;4.27.6&#8243; _module_preset=&#8221;f66a0dc0-0499-4e50-90c7-88d4028cdccb&#8221; background_image=&#8221;https:\/\/informaticala.udec.cl\/wp-content\/uploads\/2026\/01\/Tecnologias-de-la-Informacion-scaled.jpg&#8221; parallax=&#8221;on&#8221; height=&#8221;300px&#8221; custom_margin=&#8221;0px|0px|0px|0px|false|false&#8221; locked=&#8221;off&#8221;][\/et_pb_section]\n","protected":false},"excerpt":{"rendered":"<p>&nbsp; &nbsp;\u00bfQui\u00e9n es Nodo? Nodo es el encargado de la conectividad del campus, quien mantiene unidas todas las redes, dispositivos y sistemas para que la informaci\u00f3n fluya sin interrupciones. Naci\u00f3 [&hellip;]<\/p>\n","protected":false},"author":1,"featured_media":0,"parent":0,"menu_order":0,"comment_status":"closed","ping_status":"closed","template":"","meta":{"_et_pb_use_builder":"on","_et_pb_old_content":"","_et_gb_content_width":"","footnotes":""},"class_list":["post-283030","page","type-page","status-publish","hentry"],"_links":{"self":[{"href":"https:\/\/informaticala.udec.cl\/index.php\/wp-json\/wp\/v2\/pages\/283030","targetHints":{"allow":["GET"]}}],"collection":[{"href":"https:\/\/informaticala.udec.cl\/index.php\/wp-json\/wp\/v2\/pages"}],"about":[{"href":"https:\/\/informaticala.udec.cl\/index.php\/wp-json\/wp\/v2\/types\/page"}],"author":[{"embeddable":true,"href":"https:\/\/informaticala.udec.cl\/index.php\/wp-json\/wp\/v2\/users\/1"}],"replies":[{"embeddable":true,"href":"https:\/\/informaticala.udec.cl\/index.php\/wp-json\/wp\/v2\/comments?post=283030"}],"version-history":[{"count":5,"href":"https:\/\/informaticala.udec.cl\/index.php\/wp-json\/wp\/v2\/pages\/283030\/revisions"}],"predecessor-version":[{"id":283051,"href":"https:\/\/informaticala.udec.cl\/index.php\/wp-json\/wp\/v2\/pages\/283030\/revisions\/283051"}],"wp:attachment":[{"href":"https:\/\/informaticala.udec.cl\/index.php\/wp-json\/wp\/v2\/media?parent=283030"}],"curies":[{"name":"wp","href":"https:\/\/api.w.org\/{rel}","templated":true}]}}